{"id":29,"date":"2022-01-18T09:21:50","date_gmt":"2022-01-18T09:21:50","guid":{"rendered":"https:\/\/www.drotek.com\/\/?page_id=29"},"modified":"2025-05-22T14:58:48","modified_gmt":"2025-05-22T14:58:48","slug":"drones-lumineux","status":"publish","type":"page","link":"https:\/\/www.dtkapi.fr\/oldWeb\/fr\/drones-lumineux\/","title":{"rendered":"Drones Lumineux"},"content":{"rendered":"You must be logged in to view this content.","protected":false},"excerpt":{"rendered":"You must be logged in to view this content.","protected":false},"author":10,"featured_media":0,"parent":0,"menu_order":0,"comment_status":"closed","ping_status":"closed","template":"","meta":{"content-type":"","footnotes":""},"class_list":["post-29","page","type-page","status-publish","hentry"],"yoast_head":"<!-- This site is optimized with the Yoast SEO plugin v27.3 - https:\/\/yoast.com\/product\/yoast-seo-wordpress\/ -->\n<title>Drotek : Fabricant de drones lumineux pour spectacles a\u00e9riens<\/title>\n<meta name=\"description\" content=\"Fabricant de solutions pour les spectacles de lumi\u00e8re par drone (mat\u00e9riel, logiciel, formation, support). Explorer l&#039;\u00e9cosyst\u00e8me Drotek !\" \/>\n<meta name=\"robots\" content=\"index, follow, max-snippet:-1, max-image-preview:large, max-video-preview:-1\" \/>\n<link rel=\"canonical\" href=\"https:\/\/www.dtkapi.fr\/oldWeb\/fr\/drones-lumineux\/\" \/>\n<meta property=\"og:locale\" content=\"en_US\" \/>\n<meta property=\"og:type\" content=\"article\" \/>\n<meta property=\"og:title\" content=\"Drotek : Fabricant de drones lumineux pour spectacles a\u00e9riens\" \/>\n<meta property=\"og:description\" content=\"Fabricant de solutions pour les spectacles de lumi\u00e8re par drone (mat\u00e9riel, logiciel, formation, support). Explorer l&#039;\u00e9cosyst\u00e8me Drotek !\" \/>\n<meta property=\"og:url\" content=\"https:\/\/www.dtkapi.fr\/oldWeb\/fr\/drones-lumineux\/\" \/>\n<meta property=\"og:site_name\" content=\"Drotek\" \/>\n<meta property=\"article:publisher\" content=\"https:\/\/www.facebook.com\/events.drotek\/\" \/>\n<meta property=\"article:modified_time\" content=\"2025-05-22T14:58:48+00:00\" \/>\n<meta name=\"twitter:card\" content=\"summary_large_image\" \/>\n<meta name=\"twitter:site\" content=\"@EDrotek\" \/>\n<script type=\"application\/ld+json\" class=\"yoast-schema-graph\">{\"@context\":\"https:\\\/\\\/schema.org\",\"@graph\":[{\"@type\":\"WebPage\",\"@id\":\"https:\\\/\\\/www.dtkapi.fr\\\/oldWeb\\\/fr\\\/drones-lumineux\\\/\",\"url\":\"https:\\\/\\\/www.dtkapi.fr\\\/oldWeb\\\/fr\\\/drones-lumineux\\\/\",\"name\":\"Drotek : Fabricant de drones lumineux pour spectacles a\u00e9riens\",\"isPartOf\":{\"@id\":\"https:\\\/\\\/www.dtkapi.fr\\\/oldWeb\\\/#website\"},\"datePublished\":\"2022-01-18T09:21:50+00:00\",\"dateModified\":\"2025-05-22T14:58:48+00:00\",\"description\":\"Fabricant de solutions pour les spectacles de lumi\u00e8re par drone (mat\u00e9riel, logiciel, formation, support). Explorer l'\u00e9cosyst\u00e8me Drotek !\",\"breadcrumb\":{\"@id\":\"https:\\\/\\\/www.dtkapi.fr\\\/oldWeb\\\/fr\\\/drones-lumineux\\\/#breadcrumb\"},\"inLanguage\":\"en-US\",\"potentialAction\":[{\"@type\":\"ReadAction\",\"target\":[\"https:\\\/\\\/www.dtkapi.fr\\\/oldWeb\\\/fr\\\/drones-lumineux\\\/\"]}]},{\"@type\":\"BreadcrumbList\",\"@id\":\"https:\\\/\\\/www.dtkapi.fr\\\/oldWeb\\\/fr\\\/drones-lumineux\\\/#breadcrumb\",\"itemListElement\":[{\"@type\":\"ListItem\",\"position\":1,\"name\":\"Accueil\",\"item\":\"https:\\\/\\\/www.drotek.com\\\/fr\\\/drones-lumineux\\\/\"},{\"@type\":\"ListItem\",\"position\":2,\"name\":\"Drones Lumineux\"}]},{\"@type\":\"WebSite\",\"@id\":\"https:\\\/\\\/www.dtkapi.fr\\\/oldWeb\\\/#website\",\"url\":\"https:\\\/\\\/www.dtkapi.fr\\\/oldWeb\\\/\",\"name\":\"Drotek\",\"description\":\"Light Drones Manufacturer\",\"potentialAction\":[{\"@type\":\"SearchAction\",\"target\":{\"@type\":\"EntryPoint\",\"urlTemplate\":\"https:\\\/\\\/www.dtkapi.fr\\\/oldWeb\\\/?s={search_term_string}\"},\"query-input\":{\"@type\":\"PropertyValueSpecification\",\"valueRequired\":true,\"valueName\":\"search_term_string\"}}],\"inLanguage\":\"en-US\"}]}<\/script>\n<!-- \/ Yoast SEO plugin. -->","yoast_head_json":{"title":"Drotek : Fabricant de drones lumineux pour spectacles a\u00e9riens","description":"Fabricant de solutions pour les spectacles de lumi\u00e8re par drone (mat\u00e9riel, logiciel, formation, support). Explorer l'\u00e9cosyst\u00e8me Drotek !","robots":{"index":"index","follow":"follow","max-snippet":"max-snippet:-1","max-image-preview":"max-image-preview:large","max-video-preview":"max-video-preview:-1"},"canonical":"https:\/\/www.dtkapi.fr\/oldWeb\/fr\/drones-lumineux\/","og_locale":"en_US","og_type":"article","og_title":"Drotek : Fabricant de drones lumineux pour spectacles a\u00e9riens","og_description":"Fabricant de solutions pour les spectacles de lumi\u00e8re par drone (mat\u00e9riel, logiciel, formation, support). Explorer l'\u00e9cosyst\u00e8me Drotek !","og_url":"https:\/\/www.dtkapi.fr\/oldWeb\/fr\/drones-lumineux\/","og_site_name":"Drotek","article_publisher":"https:\/\/www.facebook.com\/events.drotek\/","article_modified_time":"2025-05-22T14:58:48+00:00","twitter_card":"summary_large_image","twitter_site":"@EDrotek","schema":{"@context":"https:\/\/schema.org","@graph":[{"@type":"WebPage","@id":"https:\/\/www.dtkapi.fr\/oldWeb\/fr\/drones-lumineux\/","url":"https:\/\/www.dtkapi.fr\/oldWeb\/fr\/drones-lumineux\/","name":"Drotek : Fabricant de drones lumineux pour spectacles a\u00e9riens","isPartOf":{"@id":"https:\/\/www.dtkapi.fr\/oldWeb\/#website"},"datePublished":"2022-01-18T09:21:50+00:00","dateModified":"2025-05-22T14:58:48+00:00","description":"Fabricant de solutions pour les spectacles de lumi\u00e8re par drone (mat\u00e9riel, logiciel, formation, support). Explorer l'\u00e9cosyst\u00e8me Drotek !","breadcrumb":{"@id":"https:\/\/www.dtkapi.fr\/oldWeb\/fr\/drones-lumineux\/#breadcrumb"},"inLanguage":"en-US","potentialAction":[{"@type":"ReadAction","target":["https:\/\/www.dtkapi.fr\/oldWeb\/fr\/drones-lumineux\/"]}]},{"@type":"BreadcrumbList","@id":"https:\/\/www.dtkapi.fr\/oldWeb\/fr\/drones-lumineux\/#breadcrumb","itemListElement":[{"@type":"ListItem","position":1,"name":"Accueil","item":"https:\/\/www.drotek.com\/fr\/drones-lumineux\/"},{"@type":"ListItem","position":2,"name":"Drones Lumineux"}]},{"@type":"WebSite","@id":"https:\/\/www.dtkapi.fr\/oldWeb\/#website","url":"https:\/\/www.dtkapi.fr\/oldWeb\/","name":"Drotek","description":"Light Drones Manufacturer","potentialAction":[{"@type":"SearchAction","target":{"@type":"EntryPoint","urlTemplate":"https:\/\/www.dtkapi.fr\/oldWeb\/?s={search_term_string}"},"query-input":{"@type":"PropertyValueSpecification","valueRequired":true,"valueName":"search_term_string"}}],"inLanguage":"en-US"}]}},"_links":{"self":[{"href":"https:\/\/www.dtkapi.fr\/oldWeb\/wp-json\/wp\/v2\/pages\/29","targetHints":{"allow":["GET"]}}],"collection":[{"href":"https:\/\/www.dtkapi.fr\/oldWeb\/wp-json\/wp\/v2\/pages"}],"about":[{"href":"https:\/\/www.dtkapi.fr\/oldWeb\/wp-json\/wp\/v2\/types\/page"}],"author":[{"embeddable":true,"href":"https:\/\/www.dtkapi.fr\/oldWeb\/wp-json\/wp\/v2\/users\/10"}],"replies":[{"embeddable":true,"href":"https:\/\/www.dtkapi.fr\/oldWeb\/wp-json\/wp\/v2\/comments?post=29"}],"version-history":[{"count":13,"href":"https:\/\/www.dtkapi.fr\/oldWeb\/wp-json\/wp\/v2\/pages\/29\/revisions"}],"predecessor-version":[{"id":982,"href":"https:\/\/www.dtkapi.fr\/oldWeb\/wp-json\/wp\/v2\/pages\/29\/revisions\/982"}],"wp:attachment":[{"href":"https:\/\/www.dtkapi.fr\/oldWeb\/wp-json\/wp\/v2\/media?parent=29"}],"curies":[{"name":"wp","href":"https:\/\/api.w.org\/{rel}","templated":true}]}}