{"id":245,"date":"2022-01-27T10:11:13","date_gmt":"2022-01-27T10:11:13","guid":{"rendered":"https:\/\/www.drotek.com\/\/?page_id=245"},"modified":"2025-04-08T12:38:15","modified_gmt":"2025-04-08T12:38:15","slug":"station-recharge","status":"publish","type":"page","link":"https:\/\/www.dtkapi.fr\/oldWeb\/fr\/station-recharge\/","title":{"rendered":"Station de recharge"},"content":{"rendered":"You must be logged in to view this content.","protected":false},"excerpt":{"rendered":"You must be logged in to view this content.","protected":false},"author":10,"featured_media":0,"parent":0,"menu_order":0,"comment_status":"closed","ping_status":"closed","template":"","meta":{"content-type":"","footnotes":""},"class_list":["post-245","page","type-page","status-publish","hentry"],"yoast_head":"<!-- This site is optimized with the Yoast SEO plugin v27.4 - https:\/\/yoast.com\/product\/yoast-seo-wordpress\/ -->\n<title>Station De Recharge | Drotek | Fabricant De Drones Lumineux<\/title>\n<meta name=\"description\" content=\"D\u00e9couvrez notre flycase qui permet de recharger les batteries des drones lumineux IO Star, jusqu&#039;\u00e0 84 batteries en charge simultan\u00e9e.\" \/>\n<meta name=\"robots\" content=\"index, follow, max-snippet:-1, max-image-preview:large, max-video-preview:-1\" \/>\n<link rel=\"canonical\" href=\"https:\/\/www.dtkapi.fr\/oldWeb\/fr\/station-recharge\/\" \/>\n<meta property=\"og:locale\" content=\"en_US\" \/>\n<meta property=\"og:type\" content=\"article\" \/>\n<meta property=\"og:title\" content=\"Station De Recharge | Drotek | Fabricant De Drones Lumineux\" \/>\n<meta property=\"og:description\" content=\"D\u00e9couvrez notre flycase qui permet de recharger les batteries des drones lumineux IO Star, jusqu&#039;\u00e0 84 batteries en charge simultan\u00e9e.\" \/>\n<meta property=\"og:url\" content=\"https:\/\/www.dtkapi.fr\/oldWeb\/fr\/station-recharge\/\" \/>\n<meta property=\"og:site_name\" content=\"Drotek\" \/>\n<meta property=\"article:publisher\" content=\"https:\/\/www.facebook.com\/events.drotek\/\" \/>\n<meta property=\"article:modified_time\" content=\"2025-04-08T12:38:15+00:00\" \/>\n<meta name=\"twitter:card\" content=\"summary_large_image\" \/>\n<meta name=\"twitter:site\" content=\"@EDrotek\" \/>\n<script type=\"application\/ld+json\" class=\"yoast-schema-graph\">{\"@context\":\"https:\\\/\\\/schema.org\",\"@graph\":[{\"@type\":\"WebPage\",\"@id\":\"https:\\\/\\\/www.dtkapi.fr\\\/oldWeb\\\/fr\\\/station-recharge\\\/\",\"url\":\"https:\\\/\\\/www.dtkapi.fr\\\/oldWeb\\\/fr\\\/station-recharge\\\/\",\"name\":\"Station De Recharge | Drotek | Fabricant De Drones Lumineux\",\"isPartOf\":{\"@id\":\"https:\\\/\\\/www.dtkapi.fr\\\/oldWeb\\\/#website\"},\"datePublished\":\"2022-01-27T10:11:13+00:00\",\"dateModified\":\"2025-04-08T12:38:15+00:00\",\"description\":\"D\u00e9couvrez notre flycase qui permet de recharger les batteries des drones lumineux IO Star, jusqu'\u00e0 84 batteries en charge simultan\u00e9e.\",\"breadcrumb\":{\"@id\":\"https:\\\/\\\/www.dtkapi.fr\\\/oldWeb\\\/fr\\\/station-recharge\\\/#breadcrumb\"},\"inLanguage\":\"en-US\",\"potentialAction\":[{\"@type\":\"ReadAction\",\"target\":[\"https:\\\/\\\/www.dtkapi.fr\\\/oldWeb\\\/fr\\\/station-recharge\\\/\"]}]},{\"@type\":\"BreadcrumbList\",\"@id\":\"https:\\\/\\\/www.dtkapi.fr\\\/oldWeb\\\/fr\\\/station-recharge\\\/#breadcrumb\",\"itemListElement\":[{\"@type\":\"ListItem\",\"position\":1,\"name\":\"Accueil\",\"item\":\"https:\\\/\\\/www.drotek.com\\\/fr\\\/drones-lumineux\\\/\"},{\"@type\":\"ListItem\",\"position\":2,\"name\":\"Station de recharge\"}]},{\"@type\":\"WebSite\",\"@id\":\"https:\\\/\\\/www.dtkapi.fr\\\/oldWeb\\\/#website\",\"url\":\"https:\\\/\\\/www.dtkapi.fr\\\/oldWeb\\\/\",\"name\":\"Drotek\",\"description\":\"Light Drones Manufacturer\",\"potentialAction\":[{\"@type\":\"SearchAction\",\"target\":{\"@type\":\"EntryPoint\",\"urlTemplate\":\"https:\\\/\\\/www.dtkapi.fr\\\/oldWeb\\\/?s={search_term_string}\"},\"query-input\":{\"@type\":\"PropertyValueSpecification\",\"valueRequired\":true,\"valueName\":\"search_term_string\"}}],\"inLanguage\":\"en-US\"}]}<\/script>\n<!-- \/ Yoast SEO plugin. -->","yoast_head_json":{"title":"Station De Recharge | Drotek | Fabricant De Drones Lumineux","description":"D\u00e9couvrez notre flycase qui permet de recharger les batteries des drones lumineux IO Star, jusqu'\u00e0 84 batteries en charge simultan\u00e9e.","robots":{"index":"index","follow":"follow","max-snippet":"max-snippet:-1","max-image-preview":"max-image-preview:large","max-video-preview":"max-video-preview:-1"},"canonical":"https:\/\/www.dtkapi.fr\/oldWeb\/fr\/station-recharge\/","og_locale":"en_US","og_type":"article","og_title":"Station De Recharge | Drotek | Fabricant De Drones Lumineux","og_description":"D\u00e9couvrez notre flycase qui permet de recharger les batteries des drones lumineux IO Star, jusqu'\u00e0 84 batteries en charge simultan\u00e9e.","og_url":"https:\/\/www.dtkapi.fr\/oldWeb\/fr\/station-recharge\/","og_site_name":"Drotek","article_publisher":"https:\/\/www.facebook.com\/events.drotek\/","article_modified_time":"2025-04-08T12:38:15+00:00","twitter_card":"summary_large_image","twitter_site":"@EDrotek","schema":{"@context":"https:\/\/schema.org","@graph":[{"@type":"WebPage","@id":"https:\/\/www.dtkapi.fr\/oldWeb\/fr\/station-recharge\/","url":"https:\/\/www.dtkapi.fr\/oldWeb\/fr\/station-recharge\/","name":"Station De Recharge | Drotek | Fabricant De Drones Lumineux","isPartOf":{"@id":"https:\/\/www.dtkapi.fr\/oldWeb\/#website"},"datePublished":"2022-01-27T10:11:13+00:00","dateModified":"2025-04-08T12:38:15+00:00","description":"D\u00e9couvrez notre flycase qui permet de recharger les batteries des drones lumineux IO Star, jusqu'\u00e0 84 batteries en charge simultan\u00e9e.","breadcrumb":{"@id":"https:\/\/www.dtkapi.fr\/oldWeb\/fr\/station-recharge\/#breadcrumb"},"inLanguage":"en-US","potentialAction":[{"@type":"ReadAction","target":["https:\/\/www.dtkapi.fr\/oldWeb\/fr\/station-recharge\/"]}]},{"@type":"BreadcrumbList","@id":"https:\/\/www.dtkapi.fr\/oldWeb\/fr\/station-recharge\/#breadcrumb","itemListElement":[{"@type":"ListItem","position":1,"name":"Accueil","item":"https:\/\/www.drotek.com\/fr\/drones-lumineux\/"},{"@type":"ListItem","position":2,"name":"Station de recharge"}]},{"@type":"WebSite","@id":"https:\/\/www.dtkapi.fr\/oldWeb\/#website","url":"https:\/\/www.dtkapi.fr\/oldWeb\/","name":"Drotek","description":"Light Drones Manufacturer","potentialAction":[{"@type":"SearchAction","target":{"@type":"EntryPoint","urlTemplate":"https:\/\/www.dtkapi.fr\/oldWeb\/?s={search_term_string}"},"query-input":{"@type":"PropertyValueSpecification","valueRequired":true,"valueName":"search_term_string"}}],"inLanguage":"en-US"}]}},"_links":{"self":[{"href":"https:\/\/www.dtkapi.fr\/oldWeb\/wp-json\/wp\/v2\/pages\/245","targetHints":{"allow":["GET"]}}],"collection":[{"href":"https:\/\/www.dtkapi.fr\/oldWeb\/wp-json\/wp\/v2\/pages"}],"about":[{"href":"https:\/\/www.dtkapi.fr\/oldWeb\/wp-json\/wp\/v2\/types\/page"}],"author":[{"embeddable":true,"href":"https:\/\/www.dtkapi.fr\/oldWeb\/wp-json\/wp\/v2\/users\/10"}],"replies":[{"embeddable":true,"href":"https:\/\/www.dtkapi.fr\/oldWeb\/wp-json\/wp\/v2\/comments?post=245"}],"version-history":[{"count":2,"href":"https:\/\/www.dtkapi.fr\/oldWeb\/wp-json\/wp\/v2\/pages\/245\/revisions"}],"predecessor-version":[{"id":532,"href":"https:\/\/www.dtkapi.fr\/oldWeb\/wp-json\/wp\/v2\/pages\/245\/revisions\/532"}],"wp:attachment":[{"href":"https:\/\/www.dtkapi.fr\/oldWeb\/wp-json\/wp\/v2\/media?parent=245"}],"curies":[{"name":"wp","href":"https:\/\/api.w.org\/{rel}","templated":true}]}}